{"id":97,"date":"2012-03-04T21:26:36","date_gmt":"2012-03-04T19:26:36","guid":{"rendered":"http:\/\/www.pihlaiset.com\/?page_id=97"},"modified":"2020-06-30T11:28:14","modified_gmt":"2020-06-30T09:28:14","slug":"aanitteet","status":"publish","type":"page","link":"https:\/\/www.pihlaiset.com\/?page_id=97","title":{"rendered":"\u00c4\u00e4nitteet"},"content":{"rendered":"<h3><a href=\"http:\/\/www.pihlaiset.com\/wp\/wp-content\/uploads\/2012\/03\/Pihlainen_poster_A3-1.pdf\">Pihlainen_poster_A3<\/a><a href=\"https:\/\/www.youtube.com\/playlist?list=PLMj-mbwzjAZyD0h6GzBaMetBixK6LAPBK\">Toisenlainen maailma-CD (2017)<\/a><\/h3>\n<p>Sis\u00e4lt\u00e4\u00e4 kappaleet:<img loading=\"lazy\" decoding=\"async\" class=\"wp-image-352 alignright\" src=\"http:\/\/www.pihlaiset.com\/wp\/wp-content\/uploads\/2012\/03\/kansi-CD-300x300.png\" alt=\"\" width=\"296\" height=\"296\" srcset=\"https:\/\/www.pihlaiset.com\/wp\/wp-content\/uploads\/2012\/03\/kansi-CD-300x300.png 300w, https:\/\/www.pihlaiset.com\/wp\/wp-content\/uploads\/2012\/03\/kansi-CD-150x150.png 150w, https:\/\/www.pihlaiset.com\/wp\/wp-content\/uploads\/2012\/03\/kansi-CD.png 573w\" sizes=\"auto, (max-width: 296px) 100vw, 296px\" \/><\/p>\n<ol>\n<li><a href=\"https:\/\/www.youtube.com\/watch?v=EOcA2cx_7-A&amp;list=PLMj-mbwzjAZyD0h6GzBaMetBixK6LAPBK&amp;index=1\">Toisenlainen maailma<\/a><\/li>\n<li><a href=\"https:\/\/www.youtube.com\/watch?v=jPCRxnbrE-g&amp;index=2&amp;list=PLMj-mbwzjAZyD0h6GzBaMetBixK6LAPBK\">Hartaasti odotin Herraa<\/a><\/li>\n<li><a href=\"https:\/\/www.youtube.com\/watch?v=TEJevjKrONo&amp;list=PLMj-mbwzjAZyD0h6GzBaMetBixK6LAPBK&amp;index=3\">Kiit\u00e4 Herraa minun sieluni<\/a><\/li>\n<li><a href=\"https:\/\/www.youtube.com\/watch?v=6NGpiyDpSHo&amp;index=4&amp;list=PLMj-mbwzjAZyD0h6GzBaMetBixK6LAPBK\">Rakkaus Taivaan Is\u00e4n<\/a><\/li>\n<li><a href=\"https:\/\/www.youtube.com\/watch?v=Z-2Cw8KE7Mk&amp;list=PLMj-mbwzjAZyD0h6GzBaMetBixK6LAPBK&amp;index=5\">Verell\u00e4s&#8217; ostit<\/a><\/li>\n<li><a href=\"https:\/\/www.youtube.com\/watch?v=tUhH3hh3nhY&amp;t=0s&amp;list=PLMj-mbwzjAZyD0h6GzBaMetBixK6LAPBK&amp;index=7\">Kaikkeen maailmaan<\/a><\/li>\n<li><a href=\"https:\/\/www.youtube.com\/watch?v=Lv1SsI50jj4&amp;list=PLMj-mbwzjAZyD0h6GzBaMetBixK6LAPBK&amp;index=7\">Sinulta kaiken saan<\/a><\/li>\n<li><a href=\"https:\/\/www.youtube.com\/watch?v=C4C6SmcWSb0&amp;index=8&amp;list=PLMj-mbwzjAZyD0h6GzBaMetBixK6LAPBK\">Nosta katseesi<\/a><\/li>\n<li><a href=\"https:\/\/www.youtube.com\/watch?v=cHmmDeNklgo&amp;index=9&amp;list=PLMj-mbwzjAZyD0h6GzBaMetBixK6LAPBK\">T\u00e4hti kirkas<\/a><\/li>\n<li><a href=\"https:\/\/www.youtube.com\/watch?v=JLp-VSy46HU&amp;index=10&amp;list=PLMj-mbwzjAZyD0h6GzBaMetBixK6LAPBK\">Jossakin odottaa<\/a><\/li>\n<li><a href=\"https:\/\/www.youtube.com\/watch?v=HKUtXYCMquM&amp;index=11&amp;list=PLMj-mbwzjAZyD0h6GzBaMetBixK6LAPBK\">Oi, Herra johda askeleet<\/a><\/li>\n<li><a href=\"https:\/\/www.youtube.com\/watch?v=W9Pj1w6ebuc&amp;list=PLMj-mbwzjAZyD0h6GzBaMetBixK6LAPBK&amp;index=12\">Publikaanin rukous<\/a><\/li>\n<li><a href=\"https:\/\/www.youtube.com\/watch?v=JwCwbcWh89c&amp;index=13&amp;list=PLMj-mbwzjAZyD0h6GzBaMetBixK6LAPBK\">Kuolemanvarjojen laaksossa<\/a><\/li>\n<li><a href=\"https:\/\/www.youtube.com\/watch?v=YFM54XlJtqI&amp;list=PLMj-mbwzjAZyD0h6GzBaMetBixK6LAPBK&amp;index=14\">Olet huolehtinut<\/a><\/li>\n<li><a href=\"https:\/\/www.youtube.com\/watch?v=k7boFO8ISCw&amp;index=15&amp;list=PLMj-mbwzjAZyD0h6GzBaMetBixK6LAPBK\">Kerran edess\u00e4s&#8217;<\/a><\/li>\n<\/ol>\n<h5>Voit kuunnella &#8221;Toisenlainen maailma&#8221;-CD:n lauluja klikkaamalla laulun otsikkoon!<\/h5>\n<h4>\u00a0Ulla ja Paavo Pihlainen \u00a0 \u00a0Juhlakooste 20 v. (2016)<\/h4>\n<div class=\"product-description\">\n<p>Sis\u00e4lt\u00e4\u00e4 kappaleet:<\/p>\n<p>1. Kiitosmielin\u00a0 \u00a0 \u00a0 \u00a0 \u00a0 \u00a0 \u00a0 \u00a0 \u00a0 \u00a0 \u00a0 \u00a0 \u00a0 \u00a0 \u00a0 \u00a0 \u00a0 \u00a0 \u00a0 \u00a0 \u00a0 \u00a0 \u00a0 \u00a0 \u00a0 \u00a0 <img loading=\"lazy\" decoding=\"async\" class=\"size-medium wp-image-556 alignright\" src=\"http:\/\/www.pihlaiset.com\/wp\/wp-content\/uploads\/2020\/06\/kooste-kansi-rotated-e1593508940683-292x300.jpg\" alt=\"\" width=\"292\" height=\"300\" srcset=\"https:\/\/www.pihlaiset.com\/wp\/wp-content\/uploads\/2020\/06\/kooste-kansi-rotated-e1593508940683-292x300.jpg 292w, https:\/\/www.pihlaiset.com\/wp\/wp-content\/uploads\/2020\/06\/kooste-kansi-rotated-e1593508940683-998x1024.jpg 998w, https:\/\/www.pihlaiset.com\/wp\/wp-content\/uploads\/2020\/06\/kooste-kansi-rotated-e1593508940683-768x788.jpg 768w, https:\/\/www.pihlaiset.com\/wp\/wp-content\/uploads\/2020\/06\/kooste-kansi-rotated-e1593508940683.jpg 1095w\" sizes=\"auto, (max-width: 292px) 100vw, 292px\" \/>2. Halki t\u00e4\u00e4n maailman<br \/>\n3. Etsitk\u00f6 auttajaa<br \/>\n4. \u00c4lk\u00e4\u00e4 mist\u00e4\u00e4n murehtiko<img loading=\"lazy\" decoding=\"async\" class=\"alignright\" src=\"http:\/\/www.aikamedia.fi\/data\/th\/c_ulla_paavo_pihlainen_kannet.jpg_1d2_1f4.jpg\" alt=\"ULLA JA PAAVO PIHLAINEN 20v JUHLAKOOSTE\" width=\"318\" height=\"315\" \/><br \/>\n5. Nikodeemukselle<br \/>\n6. Herra paimenein on<br \/>\n7. Sin\u00e4, pieni ihminen<br \/>\n8. Onko yst\u00e4v\u00e4\u00e4 sulla<br \/>\n9. Rauhaa syv\u00e4\u00e4<br \/>\n10. Luona ristin<br \/>\n11. S\u00e4 suurin oot<br \/>\n12. Yli kaiken<br \/>\n13. Jeesus, Sinulle lauluni<br \/>\n14. Sin\u00e4, Jeesus etsit<br \/>\n15. Valkeus tiell\u00e4ni<br \/>\n16. El\u00e4m\u00e4n l\u00f6ysin<br \/>\n17. T\u00e4m\u00e4n maailman tied\u00e4n loppuvan<br \/>\n18. L\u00e4hell\u00e4 jokaisen<br \/>\n19. Armon kosketus<br \/>\n20. Anteeksiannossa<br \/>\n21. Min\u00e4 nostan silm\u00e4ni<br \/>\n22. Uuteen p\u00e4iv\u00e4\u00e4n<br \/>\n23. Toivo j\u00e4\u00e4<br \/>\n24. Kotihin Taivaan<br \/>\n25. Ylist\u00e4mme Sinua<\/p>\n<\/div>\n<p><strong><em><a href=\"http:\/\/www.pihlaiset.com\/wp\/wp-content\/uploads\/2012\/03\/kuva_44_1108_bd9.jpg\"><img loading=\"lazy\" decoding=\"async\" class=\"wp-image-101 alignright\" style=\"margin: 20px;\" title=\"kuva_(44)_1108_bd9\" src=\"http:\/\/www.pihlaiset.com\/wp\/wp-content\/uploads\/2012\/03\/kuva_44_1108_bd9.jpg\" alt=\"\" width=\"269\" height=\"276\" \/><\/a><\/em><\/strong><\/p>\n<p><strong><em>Paavo Pihlainen: Luotan Is\u00e4\u00e4n (2005) <\/em><\/strong><\/p>\n<p><strong>Kappalelista:<\/strong><br \/>\n1. Sulle soi lauluni 3.23<br \/>\n2. \u00c4lk\u00e4\u00e4 mist\u00e4\u00e4n murehtiko 4.20<br \/>\n3. Nikodeemukselle 3.18<br \/>\n4. Jeesus, Sinulle lauluni 3.55<br \/>\n5. Sin\u00e4 Jeesus etsit 3.24<br \/>\n6. El\u00e4m\u00e4n l\u00f6ysin 3.58<br \/>\n7. Valkeus tiell\u00e4ni 2.27<br \/>\n8. Yli kaiken 3.44<br \/>\n9. Min\u00e4 nostan silm\u00e4ni 3.50<br \/>\n10. Herra paimenein on 2.37<br \/>\n11. Toivo j\u00e4\u00e4 4.29<br \/>\n12. Kotihin Taivaan 4.30<br \/>\n13. Ylist\u00e4mme Sinua 3.29<\/p>\n<p><em><strong>\u00a0\u00a0\u00a0\u00a0\u00a0\u00a0\u00a0\u00a0\u00a0\u00a0\u00a0\u00a0\u00a0\u00a0\u00a0\u00a0\u00a0\u00a0\u00a0\u00a0\u00a0\u00a0\u00a0\u00a0\u00a0\u00a0\u00a0\u00a0\u00a0\u00a0\u00a0\u00a0\u00a0\u00a0\u00a0\u00a0\u00a0\u00a0\u00a0\u00a0\u00a0\u00a0\u00a0\u00a0\u00a0\u00a0\u00a0\u00a0\u00a0\u00a0\u00a0\u00a0\u00a0\u00a0\u00a0\u00a0\u00a0\u00a0\u00a0\u00a0\u00a0\u00a0\u00a0\u00a0\u00a0\u00a0\u00a0\u00a0\u00a0\u00a0\u00a0\u00a0\u00a0\u00a0\u00a0\u00a0\u00a0\u00a0\u00a0\u00a0\u00a0\u00a0\u00a0\u00a0Paavo Pihlainen: Uuteen P\u00e4iv\u00e4\u00e4n (1998)<\/strong><\/em><\/p>\n<p><strong><a href=\"http:\/\/www.pihlaiset.com\/wp\/wp-content\/uploads\/2012\/03\/cd1.jpg\"><img loading=\"lazy\" decoding=\"async\" class=\"alignleft wp-image-161\" style=\"margin: 20px;\" title=\"cd\" src=\"http:\/\/www.pihlaiset.com\/wp\/wp-content\/uploads\/2012\/03\/cd1-296x300.jpg\" alt=\"\" width=\"238\" height=\"257\" \/><\/a>Kappalelista:<\/strong><br \/>\n1. Halki t\u00e4\u00e4n maailman 3:06<br \/>\n2. L\u00e4hell\u00e4 jokaisen 2:05<br \/>\n3. Etsitk\u00e4 auttajaa 2:20<br \/>\n4. Uuteen p\u00e4iv\u00e4\u00e4n 2:35<br \/>\n5. T\u00e4m\u00e4n maailman tied\u00e4n loppuvan 1:57<br \/>\n6. Sin\u00e4, pieni ihminen 2:17<br \/>\n7. Rauhaa syv\u00e4\u00e4 2:20<br \/>\n8. Perustus 3:06<br \/>\n9. Onko yst\u00e4v\u00e4\u00e4 sulia 1:44<br \/>\n10. Luona ristin 3:10<br \/>\n11. S\u00e4 suurin oot 3:08<br \/>\n12. Uusi aamu 3:00<br \/>\n13. Kiitosmielin 2:28<br \/>\n14. Anteeksiannossa 3:01<br \/>\n15. Armon kosketus 3:17<\/p>\n","protected":false},"excerpt":{"rendered":"<p>Pihlainen_poster_A3Toisenlainen maailma-CD (2017) Sis\u00e4lt\u00e4\u00e4 kappaleet: Toisenlainen maailma Hartaasti odotin Herraa Kiit\u00e4 Herraa minun sieluni Rakkaus Taivaan Is\u00e4n Verell\u00e4s&#8217; ostit Kaikkeen maailmaan Sinulta kaiken saan Nosta katseesi T\u00e4hti kirkas Jossakin odottaa Oi, Herra johda askeleet Publikaanin rukous Kuolemanvarjojen laaksossa Olet huolehtinut Kerran edess\u00e4s&#8217; Voit kuunnella &#8221;Toisenlainen maailma&#8221;-CD:n lauluja klikkaamalla laulun otsikkoon! \u00a0Ulla ja Paavo Pihlainen \u00a0 [&hellip;]<\/p>\n","protected":false},"author":1,"featured_media":0,"parent":0,"menu_order":0,"comment_status":"open","ping_status":"open","template":"","meta":{"footnotes":""},"class_list":["post-97","page","type-page","status-publish","hentry"],"_links":{"self":[{"href":"https:\/\/www.pihlaiset.com\/index.php?rest_route=\/wp\/v2\/pages\/97","targetHints":{"allow":["GET"]}}],"collection":[{"href":"https:\/\/www.pihlaiset.com\/index.php?rest_route=\/wp\/v2\/pages"}],"about":[{"href":"https:\/\/www.pihlaiset.com\/index.php?rest_route=\/wp\/v2\/types\/page"}],"author":[{"embeddable":true,"href":"https:\/\/www.pihlaiset.com\/index.php?rest_route=\/wp\/v2\/users\/1"}],"replies":[{"embeddable":true,"href":"https:\/\/www.pihlaiset.com\/index.php?rest_route=%2Fwp%2Fv2%2Fcomments&post=97"}],"version-history":[{"count":10,"href":"https:\/\/www.pihlaiset.com\/index.php?rest_route=\/wp\/v2\/pages\/97\/revisions"}],"predecessor-version":[{"id":558,"href":"https:\/\/www.pihlaiset.com\/index.php?rest_route=\/wp\/v2\/pages\/97\/revisions\/558"}],"wp:attachment":[{"href":"https:\/\/www.pihlaiset.com\/index.php?rest_route=%2Fwp%2Fv2%2Fmedia&parent=97"}],"curies":[{"name":"wp","href":"https:\/\/api.w.org\/{rel}","templated":true}]}}