{"id":67,"date":"2012-03-04T20:03:44","date_gmt":"2012-03-04T18:03:44","guid":{"rendered":"http:\/\/www.pihlaiset.com\/?page_id=67"},"modified":"2025-04-24T21:59:19","modified_gmt":"2025-04-24T19:59:19","slug":"linkit","status":"publish","type":"page","link":"https:\/\/www.pihlaiset.com\/?page_id=67","title":{"rendered":"LINKIT ohj."},"content":{"rendered":"<p>Paavon lauluja l\u00f6ytyy esim. TV7:n ohjelma-arkistosta. Mukana my\u00f6s tapahtumia liven\u00e4! Halutessasi voit klikata alla n\u00e4kyvi\u00e4 otsikkoja, joista p\u00e4\u00e4set suoraan ohjelmiin.<\/p>\n<p><strong>UUSIMPIA OHJELMIA:<\/strong><\/p>\n<p><a href=\"https:\/\/www.youtube.com\/watch?v=4b9YF93TgoA&amp;t=1458s\"><strong>P\u00c4\u00c4SI\u00c4ISEN SANOMAA SANOIN &amp; S\u00c4VELIN<\/strong> Saarij\u00e4rven helluntaiseurakunnassa 20.4.-2025<\/a><\/p>\n<p><a href=\"https:\/\/www.youtube.com\/watch?v=zQ-PitK2HwM&amp;t=217s\"><strong>ESPANJAN FUENGIROLASSA<\/strong>, Skandinaviska Turistkyrkan su 16.10.-22<\/a><\/p>\n<p><a href=\"https:\/\/fi-fi.facebook.com\/1098691893508806\/videos\/594433211943439\/\"><strong>SOINISSA<\/strong> ulkoilmatapahtuma 10.7.2021<\/a><\/p>\n<p><a href=\"https:\/\/youtu.be\/_A8elFYt7Qw\"><strong>LAULUJA TOISENLAISESTA MAAILMASTA<\/strong>\u00a0 5.7.2021<\/a><\/p>\n<p>Sis\u00e4lt\u00e4\u00e4 50 min. lauluja Paavon laulamana ja juontamana!<\/p>\n<p><a href=\"https:\/\/fb.watch\/6Gkv3oZ12T\/\"><strong>Soinin<\/strong> helluntaiseurakunnassa\u00a0 su 28.2.2021<\/a><\/p>\n<p><strong>VANHEMPIA OHJELMIA:<\/strong><\/p>\n<p><a href=\"https:\/\/www.tv7.fi\/arkki\/kosketus-taivaasta\/karstulan-kirkko_p10604\/\">Karstulan kirkossa kirkkokonsertti 21.2. 2010.<\/a><\/p>\n<p><a href=\"https:\/\/www.tv7.fi\/arkki\/hyvat-pahat-ja-pyhat\/jumalan-sota-asu-osa-1_p9559\/\">Paavo &#8221;Hyv\u00e4t, pahat ja pyh\u00e4t&#8221;- ohjelmassa haastatteluvieraana. 13<\/a><\/p>\n<p><a href=\"https:\/\/www.tv7.fi\/arkki\/kosketus-taivaasta\/karstulan-helluntaiseurakunta_p15371\/\">Kosketus Taivaasta- ohjelma Karstulan helluntaiseurakunnassa 4.9.2011.<\/a><\/p>\n<p><a href=\"https:\/\/www.tv7.fi\/arkki\/hyvat-pahat-ja-pyhat\/hengen-hedelmat-uskollisuus_p9558\/\">Lauluvieraana Hyv\u00e4t, Pahat ja Pyh\u00e4t-ohjelmassa nro 12.<\/a><\/p>\n<p><a href=\"https:\/\/www.tv7.fi\/arkki\/hyvat-pahat-ja-pyhat\/muuttuvat-laulut_p9561\/\">Lauluvieraana Hyv\u00e4t, Pahat ja pyh\u00e4t-ohjelmassa nro 15.<\/a><\/p>\n\n\n<p><\/p>\n\n\n\n<p><\/p>\n\n\n\n<p><\/p>\n\n\n\n<p><strong>YKSITT\u00c4ISI\u00c4 LAULUJA 5.7.2021:<\/strong><\/p>\n\n\n\n<p><a href=\"https:\/\/www.youtube.com\/watch?v=3X6HwA-C4hw\">S\u00e4 annat voiman<\/a><\/p>\n\n\n\n<p><a href=\"https:\/\/www.youtube.com\/watch?v=IflnHw8DJAw\">Kinneret<\/a><\/p>\n\n\n\n<p><a href=\"https:\/\/www.youtube.com\/watch?v=C1gRigA12e4\">Rakkaus Taivaan Is\u00e4n<\/a><\/p>\n\n\n\n<p><a href=\"https:\/\/www.youtube.com\/watch?v=xpDhfXaUn-k\">El\u00e4m\u00e4n uuden Herralta sain<\/a><\/p>\n\n\n\n<p><a href=\"https:\/\/youtu.be\/muL3zBI_Gjc\">Siunatkoon Sinua<\/a><\/p>\n\n\n\n<p><\/p>\n\n\n\n<p><\/p>\n","protected":false},"excerpt":{"rendered":"<p>Paavon lauluja l\u00f6ytyy esim. TV7:n ohjelma-arkistosta. Mukana my\u00f6s tapahtumia liven\u00e4! Halutessasi voit klikata alla n\u00e4kyvi\u00e4 otsikkoja, joista p\u00e4\u00e4set suoraan ohjelmiin. UUSIMPIA OHJELMIA: P\u00c4\u00c4SI\u00c4ISEN SANOMAA SANOIN &amp; S\u00c4VELIN Saarij\u00e4rven helluntaiseurakunnassa 20.4.-2025 ESPANJAN FUENGIROLASSA, Skandinaviska Turistkyrkan su 16.10.-22 SOINISSA ulkoilmatapahtuma 10.7.2021 LAULUJA TOISENLAISESTA MAAILMASTA\u00a0 5.7.2021 Sis\u00e4lt\u00e4\u00e4 50 min. lauluja Paavon laulamana ja juontamana! Soinin helluntaiseurakunnassa\u00a0 su 28.2.2021 [&hellip;]<\/p>\n","protected":false},"author":1,"featured_media":0,"parent":0,"menu_order":0,"comment_status":"open","ping_status":"open","template":"","meta":{"footnotes":""},"class_list":["post-67","page","type-page","status-publish","hentry"],"_links":{"self":[{"href":"https:\/\/www.pihlaiset.com\/index.php?rest_route=\/wp\/v2\/pages\/67","targetHints":{"allow":["GET"]}}],"collection":[{"href":"https:\/\/www.pihlaiset.com\/index.php?rest_route=\/wp\/v2\/pages"}],"about":[{"href":"https:\/\/www.pihlaiset.com\/index.php?rest_route=\/wp\/v2\/types\/page"}],"author":[{"embeddable":true,"href":"https:\/\/www.pihlaiset.com\/index.php?rest_route=\/wp\/v2\/users\/1"}],"replies":[{"embeddable":true,"href":"https:\/\/www.pihlaiset.com\/index.php?rest_route=%2Fwp%2Fv2%2Fcomments&post=67"}],"version-history":[{"count":11,"href":"https:\/\/www.pihlaiset.com\/index.php?rest_route=\/wp\/v2\/pages\/67\/revisions"}],"predecessor-version":[{"id":714,"href":"https:\/\/www.pihlaiset.com\/index.php?rest_route=\/wp\/v2\/pages\/67\/revisions\/714"}],"wp:attachment":[{"href":"https:\/\/www.pihlaiset.com\/index.php?rest_route=%2Fwp%2Fv2%2Fmedia&parent=67"}],"curies":[{"name":"wp","href":"https:\/\/api.w.org\/{rel}","templated":true}]}}