{"id":6,"date":"2012-03-03T18:42:55","date_gmt":"2012-03-03T16:42:55","guid":{"rendered":"http:\/\/www.pihlaiset.com\/?page_id=6"},"modified":"2018-12-29T13:21:58","modified_gmt":"2018-12-29T11:21:58","slug":"yhteystiedot","status":"publish","type":"page","link":"https:\/\/www.pihlaiset.com\/?page_id=6","title":{"rendered":"Yht.tied."},"content":{"rendered":"<p>Jos olet kiinnostunut kuulemaan\u00a0lis\u00e4\u00e4, niin yhteystiedot l\u00f6ytyv\u00e4t t\u00e4\u00e4lt\u00e4! Jos haluat meit\u00e4 tilata\u00a0mukaan tapahtumiin, niin otapa rohkeasti\u00a0yhteytt\u00e4!<\/p>\n<p>&nbsp;<\/p>\n<p><a href=\"http:\/\/www.pihlaiset.com\/wp\/wp-content\/uploads\/2012\/03\/IMG_26502.jpg\"><img loading=\"lazy\" decoding=\"async\" class=\"alignleft size-medium wp-image-34\" style=\"margin-right: 15px; margin-left: 15px;\" title=\"IMG_2650\" src=\"http:\/\/www.pihlaiset.com\/wp\/wp-content\/uploads\/2012\/03\/IMG_26502-221x300.jpg\" alt=\"\" width=\"221\" height=\"300\" srcset=\"https:\/\/www.pihlaiset.com\/wp\/wp-content\/uploads\/2012\/03\/IMG_26502-221x300.jpg 221w, https:\/\/www.pihlaiset.com\/wp\/wp-content\/uploads\/2012\/03\/IMG_26502-755x1024.jpg 755w, https:\/\/www.pihlaiset.com\/wp\/wp-content\/uploads\/2012\/03\/IMG_26502.jpg 1837w\" sizes=\"auto, (max-width: 221px) 100vw, 221px\" \/><\/a><strong><span style=\"text-decoration: underline;\">Yhteystiedot:<\/span><\/strong><\/p>\n<p>Paavo Pihlainen<\/p>\n<p>P. 040-1974 460<\/p>\n<p><a href=\"mailto:ulla.pihlainen@gmail.com\">ulla.pihlainen@gmail.com<\/a><\/p>\n<p>Ulla Pihlainen<\/p>\n<p>P. 040-535 6894<\/p>\n<p><a href=\"http:\/\/www.pihlaiset.com\/wp\/wp-content\/uploads\/2012\/03\/DSC_3693-3.jpg\"><img loading=\"lazy\" decoding=\"async\" class=\"aligncenter wp-image-211\" src=\"http:\/\/www.pihlaiset.com\/wp\/wp-content\/uploads\/2012\/03\/DSC_3693-3-240x300.jpg\" alt=\"DSC_3693 (3)\" width=\"266\" height=\"333\" srcset=\"https:\/\/www.pihlaiset.com\/wp\/wp-content\/uploads\/2012\/03\/DSC_3693-3-240x300.jpg 240w, https:\/\/www.pihlaiset.com\/wp\/wp-content\/uploads\/2012\/03\/DSC_3693-3-818x1024.jpg 818w, https:\/\/www.pihlaiset.com\/wp\/wp-content\/uploads\/2012\/03\/DSC_3693-3.jpg 1688w\" sizes=\"auto, (max-width: 266px) 100vw, 266px\" \/><\/a><\/p>\n<p>&nbsp;<\/p>\n","protected":false},"excerpt":{"rendered":"<p>Jos olet kiinnostunut kuulemaan\u00a0lis\u00e4\u00e4, niin yhteystiedot l\u00f6ytyv\u00e4t t\u00e4\u00e4lt\u00e4! Jos haluat meit\u00e4 tilata\u00a0mukaan tapahtumiin, niin otapa rohkeasti\u00a0yhteytt\u00e4! &nbsp; Yhteystiedot: Paavo Pihlainen P. 040-1974 460 ulla.pihlainen@gmail.com Ulla Pihlainen P. 040-535 6894 &nbsp;<\/p>\n","protected":false},"author":1,"featured_media":0,"parent":0,"menu_order":0,"comment_status":"open","ping_status":"open","template":"","meta":{"footnotes":""},"class_list":["post-6","page","type-page","status-publish","hentry"],"_links":{"self":[{"href":"https:\/\/www.pihlaiset.com\/index.php?rest_route=\/wp\/v2\/pages\/6","targetHints":{"allow":["GET"]}}],"collection":[{"href":"https:\/\/www.pihlaiset.com\/index.php?rest_route=\/wp\/v2\/pages"}],"about":[{"href":"https:\/\/www.pihlaiset.com\/index.php?rest_route=\/wp\/v2\/types\/page"}],"author":[{"embeddable":true,"href":"https:\/\/www.pihlaiset.com\/index.php?rest_route=\/wp\/v2\/users\/1"}],"replies":[{"embeddable":true,"href":"https:\/\/www.pihlaiset.com\/index.php?rest_route=%2Fwp%2Fv2%2Fcomments&post=6"}],"version-history":[{"count":9,"href":"https:\/\/www.pihlaiset.com\/index.php?rest_route=\/wp\/v2\/pages\/6\/revisions"}],"predecessor-version":[{"id":461,"href":"https:\/\/www.pihlaiset.com\/index.php?rest_route=\/wp\/v2\/pages\/6\/revisions\/461"}],"wp:attachment":[{"href":"https:\/\/www.pihlaiset.com\/index.php?rest_route=%2Fwp%2Fv2%2Fmedia&parent=6"}],"curies":[{"name":"wp","href":"https:\/\/api.w.org\/{rel}","templated":true}]}}