{"id":330,"date":"2017-05-06T10:14:59","date_gmt":"2017-05-06T08:14:59","guid":{"rendered":"http:\/\/www.pihlaiset.com\/?page_id=330"},"modified":"2025-12-14T09:50:05","modified_gmt":"2025-12-14T07:50:05","slug":"kalenteri","status":"publish","type":"page","link":"https:\/\/www.pihlaiset.com\/?page_id=330","title":{"rendered":"Kalenteri"},"content":{"rendered":"<h3>Tapahtumia, joissa olemme mukana:<\/h3>\n<p><strong>VUOSI 2026:<\/strong><\/p>\n<ul>\n<li><strong>su 18.1. klo 12<\/strong> Karstula<\/li>\n<li><strong>su 4.1. klo 12<\/strong> Karstula<\/li>\n<\/ul>\n<p><strong>VUOSI 2025:<\/strong><\/p>\n<ul>\n<li><a href=\"https:\/\/viitasaarenhsrk.fi\/sanoin-savelin-joululauluja\/\"><strong>su 14.12. klo 16<\/strong> Viitasaari, Joululaulutapahtuma<\/a><\/li>\n<li><strong>ma 1.11. klo 12<\/strong> Karstula<\/li>\n<li><strong>su 30.11. klo 16<\/strong> Karstula, Sanoin &amp; S\u00e4velin<\/li>\n<li><strong>su 28.9. klo 11<\/strong> Karstula, Israel-juhla<\/li>\n<li><strong>la 13.9. klo 18<\/strong> Karstula, Heikintupa<\/li>\n<li><strong>su 31.8. klo 16<\/strong> Karstula<\/li>\n<li><strong>su 17.8. klo 11<\/strong> Karstula<\/li>\n<li><strong>su 10.8. klo 11<\/strong> Karstula<\/li>\n<li><strong>ma 28.7. klo 12<\/strong> Karstula<\/li>\n<li><strong>ke 2.7. klo 18<\/strong> Saarij\u00e4rvi, S\u00e4rkilampi<\/li>\n<li><strong>ti 1.7. klo 18 <\/strong>Saarij\u00e4rvi, S\u00e4rkilampi, kouluik\u00e4isten leiri<\/li>\n<li><strong>ma 30.6. klo 12\u00a0<\/strong>Saarij\u00e4rvi, S\u00e4rkilampi, srk:n leirip\u00e4iv\u00e4<\/li>\n<li><strong>su 29.6. klo 11<\/strong> Karstula<\/li>\n<li><strong>ma 21.4. klo 14<\/strong> Sysm\u00e4, P\u00e4\u00e4si\u00e4isen Sanomaa Sanoin &amp; S\u00e4velin<\/li>\n<li><a href=\"https:\/\/www.youtube.com\/watch?v=4b9YF93TgoA&amp;t=1458s\"><strong>su 20.4. klo 11<\/strong> Saarij\u00e4rvi, P\u00e4\u00e4si\u00e4isen Sanomaa Sanoin &amp; S\u00e4velin<\/a><\/li>\n<li><strong>ma 31.3. klo 12<\/strong> Karstula<\/li>\n<li><strong>su 23.2. klo 11<\/strong> Karstula<\/li>\n<li><strong>su 26.1. klo 16<\/strong> Karstula<\/li>\n<li><strong>su 5.1. klo 11<\/strong> Karstula<\/li>\n<\/ul>\n<p><strong>VUOSI 2024:<\/strong><\/p>\n<ul>\n<li><strong>ti 31.12. klo 20<\/strong> Karstula<\/li>\n<li><strong>su 17.10. klo 12<\/strong> Karstula<\/li>\n<li><strong>la 26.10. klo 12<\/strong> Kyyj\u00e4rvi<\/li>\n<li><strong>ma 14.10. klo 12<\/strong> Karstula<\/li>\n<li><strong>su 15.9. klo 16<\/strong> Karstula<\/li>\n<li><strong>su 4.8.<\/strong> Keuruu, Iso Kirja, Turistikirkon kes\u00e4p\u00e4iv\u00e4t<\/li>\n<li><strong>to 1.8. klo 15<\/strong> Karstula, yksityistilaisuus<\/li>\n<li><strong>ma 29.7. klo 12<\/strong> Karstula<\/li>\n<li><strong>ke 24.7.<\/strong> Karstula, kuorop\u00e4iv\u00e4t<\/li>\n<li><strong>pe 19.7. klo 19<\/strong> Karstula<\/li>\n<li><strong>su 14.7. klo 16<\/strong> Saarij\u00e4rvi, Runeberginpuisto<\/li>\n<li><strong>pe 12.7. klo 19<\/strong> Karstula<\/li>\n<li><strong>ti 2.7. &#8211; to 4.7.<\/strong> Kouluik\u00e4isten leiri<\/li>\n<li><strong>ma 1.7.\u00a0<\/strong> Srk:n leirip\u00e4iv\u00e4<\/li>\n<li><strong>su 30.6. klo 11<\/strong> Karstula<\/li>\n<li><strong>su 16.6. klo 16<\/strong> Karstula<\/li>\n<li><strong>pe 14.6. klo 19<\/strong> Karstula<\/li>\n<li><strong>ke 12.6. klo 18<\/strong> Karstula<\/li>\n<li><strong>pe 7.6. klo 17<\/strong> Karstula<\/li>\n<li><strong>ke 3.6. klo 18<\/strong> Karstula<\/li>\n<li><strong>su 2.6. klo 11<\/strong> Karstula<\/li>\n<li><strong>ma 1.4. klo 16<\/strong> Karstula, P\u00e4\u00e4si\u00e4isajan Sanoin &amp; S\u00e4velin<\/li>\n<li><strong>ma 18.3. klo 12<\/strong> Karstula<\/li>\n<li><strong>su 17.3. klo 16<\/strong> Karstula<\/li>\n<li><strong>su 3.3. klo 11<\/strong> Karstula<\/li>\n<li><strong>su 25.2. klo 11<\/strong> Karstula<\/li>\n<li><strong>su 18.2. klo 16<\/strong> Karstula<\/li>\n<li><strong>su 21.1. klo 16<\/strong> Karstula<\/li>\n<\/ul>\n<p><strong>VUOSI 2023:<\/strong><\/p>\n<ul>\n<li><strong>su 31.12. klo 11<\/strong> Karstula<\/li>\n<li><strong>su 17.12. klo 16<\/strong> Karstula<\/li>\n<li><strong>su 10.12. klo 18<\/strong> Karstula<\/li>\n<li><strong>ma 4.12. klo 12<\/strong> Karstula<\/li>\n<li><strong>su 19.11. klo 16<\/strong> Karstula<\/li>\n<li><strong>su 5.11. klo 11<\/strong> Karstula<\/li>\n<li><strong>su 22.10. klo 11<\/strong> Karstula<\/li>\n<li><strong>ma 16.10. klo 12<\/strong> Karstula<\/li>\n<li><strong>su 15.10. klo 16<\/strong> Karstula<\/li>\n<li><strong>su 8.10. klo 18<\/strong> Karstula<\/li>\n<li><strong>su 1.10. klo 11<\/strong> Karstula<\/li>\n<li><strong>ma 25.9. klo 12<\/strong> Karstula<\/li>\n<li><strong>ma 28.8. klo 12<\/strong> Karstula<\/li>\n<li><strong>su 20.8. klo 11<\/strong> Karstula<\/li>\n<li><strong>su 13.8. klo 11<\/strong> Karstula<\/li>\n<li><strong>su 6.8. klo 16<\/strong> Karstula<\/li>\n<li><strong>su 30.7. klo 11<\/strong> Karstula<\/li>\n<li><strong>su 23.7. klo 12<\/strong> Karstula, kes\u00e4tapahtuma<\/li>\n<li><strong>la 22.7. klo 18<\/strong> Karstula, kes\u00e4tapahtuma<\/li>\n<li><strong>la 22.7. klo 11<\/strong> Karstula, Kopeskaarella ulkoilmatapahtuma<\/li>\n<li><strong>su 16.7. klo 11<\/strong> Karstula<\/li>\n<li><strong>to 6.7.<\/strong> Srk:n leirip\u00e4iv\u00e4<\/li>\n<li><strong>ma 3.7. -ti 4.7.<\/strong> Kouluik\u00e4isten kes\u00e4leiri<\/li>\n<li><strong>su 2.7. klo 11<\/strong> Karstula<\/li>\n<li><strong>la 1.7. klo 18<\/strong> Saarij\u00e4rvi, nuorten leiri<\/li>\n<li><strong>su 18.6. klo 16<\/strong> Karstula<\/li>\n<li><strong>su 4.6. klo 11<\/strong> Karstula<\/li>\n<li><strong>su 28.5. klo 11<\/strong> Karstula<\/li>\n<li><strong>su 21.5. klo 16<\/strong> Karstula<\/li>\n<li><strong>su 30.4. klo 11<\/strong> Karstula<\/li>\n<li><strong>su 16.4. klo 16<\/strong> Karstula<\/li>\n<li><strong>su 2.4. klo 11<\/strong> Karstula<\/li>\n<li><strong>su 19.3. klo 11<\/strong> Karstula<\/li>\n<li><strong>pe 10.2. &#8211; la 11.2. <\/strong>J\u00e4mij\u00e4rvi, tapahtumat Merti\u00f6nrannassa<\/li>\n<\/ul>\n<p><strong>VUOSI 2022:<\/strong><\/p>\n<ul>\n<li><strong>pe 23.12. klo 13<\/strong> Karstula, Villa Tolppila<\/li>\n<li><strong>su 18.12. klo 16<\/strong> Karstula, joulujuhla<\/li>\n<li><strong>su 13.11. klo 11<\/strong> Karstula, is\u00e4np\u00e4iv\u00e4tilaisuus<\/li>\n<li><a href=\"https:\/\/www.youtube.com\/watch?v=zQ-PitK2HwM&amp;t=217s\"><strong>su 16.10. klo 13 Espanjan Fuengirola, Skandinaviska Turistkyrkan<\/strong><\/a><\/li>\n<li><strong>la 15.10. klo 14 Fuengirola, ulkoilmatapahtuma Rantakadulla<\/strong><\/li>\n<li><strong>la 8.10 klo 18\u00a0 Haapavesi, &#8221;Se l\u00f6ytyi&#8221;-tapahtuma<\/strong><\/li>\n<li><strong>su 18.9. klo 11 ja <a href=\"http:\/\/www.karstulahelluntai.fi\/tapahtuma\/evankeliumin-ilta-suojalla-serena-ja-arto-boa-musiikissa-pihlaiset\/\">klo 16<\/a><\/strong> Karstula<\/li>\n<li><strong><a href=\"http:\/\/www.karstulahelluntai.fi\/tapahtuma\/klo-13-varkkitapahtuma\/\">la 17.9. klo\u00a0 13<\/a> ja <a href=\"http:\/\/www.karstulahelluntai.fi\/tapahtuma\/evankeliumin-ilta-suojalla-serena-ja-arto-boa-musiikissa-pihlaiset\/\">18 <\/a><\/strong>Karstula<\/li>\n<li><strong>su 21.8. klo 11 ja klo 16\u00a0<\/strong>Karstula<\/li>\n<li><strong>la 30.7. klo 13<\/strong> Keuruu, Iso Kirja<\/li>\n<li><strong style=\"color: initial;\">ke 27.7. klo 18<\/strong><span style=\"color: initial;\"> Karstula<\/span><\/li>\n<li><strong>su 10.7. klo 11<\/strong> Kes\u00e4juhlat Karstula<\/li>\n<li><a href=\"http:\/\/www.karstulahelluntai.fi\/tapahtuma\/hengelliset-kesajuhlat-karstulassa-7-10-7-rukoushuoneella-la-su\/\"><strong>la 9.7. klo 18<\/strong> Kes\u00e4juhlat Karstula<\/a><\/li>\n<li><a href=\"http:\/\/www.karstulahelluntai.fi\/tapahtuma\/koko-paivan-varkkitapahtuma\/\"><strong>la 9.7. klo 9.45-21<\/strong> Varkkitapahtuma<\/a><\/li>\n<li><a href=\"http:\/\/www.karstulahelluntai.fi\/tapahtuma\/hengelliset-kesajuhlat-karstulassa-7-10-7-yhtenaiskoululla-to-pe-2\/\"><strong>pe 8.7. klo 18<\/strong> Kes\u00e4juhlat Koulukeskuksessa, Karstula<\/a><\/li>\n<li><a href=\"http:\/\/www.karstulahelluntai.fi\/tapahtuma\/sanoin-savelin-kopeskaarella-alkaen-klo-11\/\"><strong>pe 8.7. klo 11<\/strong> Kopeskaari-toritapahtuma<\/a><\/li>\n<li><strong>to 7.7. klo 16<\/strong> Kes\u00e4juhlat Koulukeskuksessa, Karstula<\/li>\n<li><a href=\"https:\/\/helluntaikansa.fi\/tapahtuma\/mertiorannan-juhannusjuhlat\/\"><strong>pe 24.6. klo 14 ja 17<\/strong> Juhannusjuhlat Merti\u00f6nranta, J\u00e4mij\u00e4rvi<\/a><\/li>\n<li><a href=\"http:\/\/www.karstulahelluntai.fi\/tapahtuma\/lauluhetki-kopeskaarella-ulla-ja-paavo-pihlainen\/\"><strong>la 11.6. klo 11<\/strong> Kopeskaari-toritapahtuma, Karstula<\/a><\/li>\n<li><strong>ke 8.6. klo 19<\/strong> Soini, Israel-juhla<\/li>\n<li><strong>su 5.6. klo 11<\/strong> Karstula<\/li>\n<li><a href=\"http:\/\/www.karstulahelluntai.fi\/tapahtuma\/sana-elamaksi-janne-ja-minna-kujala-peraseinajoelta-2\/\"><strong>su 13.3. klo 16<\/strong> Karstula<\/a><\/li>\n<li><strong>su 6.2. klo 12<\/strong> Karstula<\/li>\n<li><strong>ti 4.1. klo 18<\/strong> Karstula<\/li>\n<\/ul>\n<p><strong>VUOSI 2021:<\/strong><\/p>\n<ul>\n<li><strong>su 19.12. klo 16<\/strong> Karstula, joulujuhla<\/li>\n<li><strong>ma 6.12. klo 12<\/strong> Karstula<\/li>\n<li><strong>la 4.12. klo 13<\/strong> Attendo Kalmari, joululaulutuokio<\/li>\n<li><strong>la 27.11. klo 14<\/strong> Attendo Heraj\u00e4rvi, joululaulutuokio<\/li>\n<li><strong>pe 12.11. klo 18<\/strong> Karstula, Heikintupa<\/li>\n<li><strong>la 6.11. klo 14<\/strong> Saarij\u00e4rvi<\/li>\n<li><strong>su 17.10. klo 19<\/strong> Viitasaari<\/li>\n<li><strong>su 10.10. klo 12<\/strong> Karstula<\/li>\n<li><strong>la 18.9. klo 15<\/strong> Karstula<\/li>\n<li><a href=\"http:\/\/www.karstulahelluntai.fi\/\"><strong>su 22.8. klo 16<\/strong> Karstula<\/a><\/li>\n<li><strong>su 1.8. klo 12<\/strong> Karstula<\/li>\n<li><strong>to 29.7. klo 19<\/strong> Karstula, Vastinki<\/li>\n<li><a href=\"https:\/\/www.hsry.fi\/blog\/events\/nakovammaisten-hengellinen-leiri-2021\/\"><strong>ke 28.7. klo 19<\/strong> M\u00e4ntt\u00e4-Vilppula<\/a><\/li>\n<li><a href=\"https:\/\/www.saarijarvenvapaaseurakunta.fi\/tapahtumat\/tapahtumat-1\"><strong>pe 16.7. klo 11<\/strong> Saarij\u00e4rvi<\/a><\/li>\n<li><a href=\"https:\/\/www.ikpalvelut.fi\/\"><strong>la 10.7. klo 19<\/strong> Keuruu, Iso Kirja, Camping kirkko<\/a><\/li>\n<li><a href=\"https:\/\/scontent.fhel1-1.fna.fbcdn.net\/v\/t1.6435-9\/213015991_4367186133326016_4412499205337509603_n.jpg?_nc_cat=102&amp;ccb=1-3&amp;_nc_sid=8bfeb9&amp;_nc_ohc=wC0ou0KoasIAX-Dn5Qy&amp;_nc_ht=scontent.fhel1-1.fna&amp;oh=0f3b0ea5678e733f4a81fec046f38ea4&amp;oe=60EED6DD\"><strong>la 10.7. klo 12<\/strong> Soini<\/a><\/li>\n<li><strong>ke 7.7.<\/strong>\u00a0 Karstula<\/li>\n<li><strong>ke 30.6. klo 19<\/strong> Uurainen<\/li>\n<li><a href=\"https:\/\/fi-fi.facebook.com\/aanekoskenHelluntaiseurakunta\/photos\/pb.464336636993770.-2207520000..\/4082298495197548\/?type=3&amp;theater\"><strong>ti 29.6. klo 12-15<\/strong> \u00c4\u00e4nekoski<\/a><\/li>\n<li><a href=\"https:\/\/fi-fi.facebook.com\/294914967272033\/photos\/a.294918417271688\/4047031158727043\/?type=3&amp;theater\"><strong>su 6.6. klo 11<\/strong> Saarij\u00e4rvi\u00a0<\/a><\/li>\n<li><a href=\"https:\/\/www.facebook.com\/1098691893508806\/videos\/3745972212147960\/?__so__=channel_tab&amp;__rv__=all_videos_card\"><strong>su 28.2. klo 18<\/strong> Soini<\/a><\/li>\n<\/ul>\n<p><em><strong>VUOSI 2020:\u00a0<\/strong><\/em><\/p>\n<ul>\n<li><strong>su 9.8. klo 18<\/strong> Karstula, vapaasrk<\/li>\n<li><strong>su 2.8. klo 12<\/strong> Karstula<\/li>\n<li><strong>su 26.7. klo 18<\/strong> Karstula<\/li>\n<li><strong>su 19.7.\u00a0 klo 17<\/strong> Karstula, rukoustapahtuma<\/li>\n<li><strong>pe 17.7. klo 11 <\/strong>Karstula, Kopeskaari (tori)<\/li>\n<li><strong>pe 3.7. klo 19 <\/strong>Soini<\/li>\n<li><strong>ti 30.6. klo 18 <\/strong>Karstula<\/li>\n<li><strong>la 13.6. klo 13<\/strong> Karstula yks.til.<\/li>\n<li>KORONA-aika<\/li>\n<li><strong>la 7.3. klo 17\u00a0<\/strong>ja\u00a0<strong>su<\/strong>\u00a0<strong>8.3. klo 11 <\/strong>Siion-srk Helsinki,\u00a0Nordenski\u00f6ldinkatu 3<\/li>\n<li><strong>su 1.3. klo 12<\/strong> Karstula<\/li>\n<li><strong>la 29.2. klo 15<\/strong> Hyvink\u00e4\u00e4<\/li>\n<li><strong>su 16.2. klo 16 <\/strong>Karstula<\/li>\n<li><strong>su 2.2. klo 12 <\/strong>Karstula<\/li>\n<li><strong>su 26.1. klo 12 <\/strong>Karstula<\/li>\n<li><strong>su 19.1. klo 18<\/strong> Karstula, vapaasrk<\/li>\n<li><strong>su 12.1. klo 12<\/strong> Karstula<\/li>\n<li><strong>su 5.1. klo 12<\/strong> Karstula<\/li>\n<\/ul>\n<p><em><strong>VUOSI 2019:\u00a0<\/strong><\/em><\/p>\n<ul>\n<li><strong>la 21.12. klo 11<\/strong> Keitele<\/li>\n<li><strong>su 1.12. klo 12<\/strong> Karstula<\/li>\n<li><strong>su 24.11. klo 18<\/strong> Soini<\/li>\n<li><strong>su 10.11. klo 18<\/strong> Karstula, vapaasrk<\/li>\n<li><strong>su 3.11. klo 12<\/strong> Karstula<\/li>\n<li><strong>su 27.10. klo 11 ja 13<\/strong> Karstula<\/li>\n<li><strong>to 17.10. klo 18\u00a0<\/strong>Espanja, Fuengirola, Nuriasol<\/li>\n<li><strong>ti 15.10. klo 17\u00a0<\/strong>Espanja, Fuengirola, Skandinaavinen Turistikirkko<\/li>\n<li><strong>su 15.9. klo 16<\/strong> Karstula, Sanoin &amp; S\u00e4velin<\/li>\n<li><strong>la 14.9. klo 10-14<\/strong> Jyv\u00e4skyl\u00e4, Palokka<\/li>\n<li><strong>su 1.9. klo 12<\/strong> Karstula<\/li>\n<li><strong>su 25.8. klo 12<\/strong> Karstula<\/li>\n<li><strong>su 11.8. klo 12<\/strong> Karstula<\/li>\n<li><strong>su 21.7. klo 11 ja 15<\/strong>\u00a0Pyh\u00e4j\u00e4rvi<\/li>\n<li><strong>la 20.7. klo 11\u00a0ja 13<\/strong> Pyh\u00e4j\u00e4rvi, toritapahtuma<\/li>\n<li><strong>pe 19.7. klo 19<\/strong> Lehtim\u00e4ki<\/li>\n<li><strong>su 14.7. klo 16<\/strong> <a href=\"http:\/\/keuruunhelluntaiseurakunta.fi\/jumalanpalvelukset\">Keuruu<\/a><\/li>\n<li><strong>to 11.7. klo 19 <\/strong>Karstula<\/li>\n<li><strong>ma-ke 8.-10.7.<\/strong> Karstula, leiri<\/li>\n<li><strong>ti 11.6. klo 19<\/strong> Karstula, Sanoin &amp; S\u00e4velin<\/li>\n<li><strong>su 9.6. klo 12<\/strong> Karstula<\/li>\n<li><strong>su 28.4. klo 11<\/strong> Pyh\u00e4j\u00e4rvi<\/li>\n<li><strong>su 21.4. klo 12<\/strong> Karstula, hell.srk<\/li>\n<li><strong>su 14.4. klo 18<\/strong> Kivij\u00e4rvi, Tainiom\u00e4en koulu,\u00a0<a href=\"http:\/\/www.pihlaiset.com\/wp\/wp-content\/uploads\/2019\/03\/Eijan-ja-Paavon-P\u00e4\u00e4si\u00e4iskonsertti.pdf\">Eijan ja Paavon P\u00e4\u00e4si\u00e4iskonsertti<\/a><\/li>\n<li><strong>ti 9.4. klo 18<\/strong> Karstula, hell.srk<\/li>\n<li><strong>la 6.4. klo 12<\/strong> Saarij\u00e4rvi<\/li>\n<li><strong>ti 2.4. klo 18<\/strong> Karstula, hell.srk<\/li>\n<li><strong>su 31.3. klo 12<\/strong> Karstula, hell.srk<\/li>\n<li><strong>pe 29.3. klo 19<\/strong> Karstula, Sanoin &amp; S\u00e4velin-tapahtuma<\/li>\n<li><strong>su 24.3. klo 18<\/strong> Karstula, vapaasrk<\/li>\n<li><strong>su 10.3. klo 12<\/strong> Karstula, hell.srk<\/li>\n<li><strong>su 24.2. klo 15<\/strong> Suolahti, vapaasrk, mus.jumalanpalvelus<\/li>\n<li><strong>su 3.2. klo 12<\/strong> Karstula, hell.srk<\/li>\n<li><strong>su 20.1. klo 18<\/strong> Karstula, Sanoin &amp; S\u00e4velin-tapahtuma<\/li>\n<li><strong>su 6.1. klo 12<\/strong> Karstula, hell.srk<\/li>\n<\/ul>\n<p><em><strong>VUOSI 2018:\u00a0<\/strong><\/em><\/p>\n<ul>\n<li><strong>su 30.12. klo 12<\/strong> Karstula, hell.srk<\/li>\n<li><strong>su 16.12. klo 16<\/strong> Karstula, hell.srk, joulujuhla<\/li>\n<li><strong>su 9.12. klo 12<\/strong> Karstula, hell.srk<\/li>\n<li><strong>su 25.11. klo 18<\/strong> Karstula, vapaasrk<\/li>\n<li><strong>pe 23.11. klo 19<\/strong> Karstula, hell.srk, Sanoin &amp; S\u00e4velin<\/li>\n<li><strong>ti 16.10. klo 18<\/strong> Espanja, Fuengirola, Los Pacosin Majakka<\/li>\n<li><strong>su 14.10. klo 13<\/strong>\u00a0 Espanja, Fuengirola, Skandinaavinen Turistikirkko<\/li>\n<li><strong>la 15.9. klo 10-14<\/strong>\u00a0 Jkl, Palokan Toivonkulma<\/li>\n<li><strong>su 2.9. klo 12<\/strong> Karstula, hell.srk<\/li>\n<li><strong>to 30.8. klo 18<\/strong> Karstula, vapaasrk<\/li>\n<li><strong>su 12.8. klo 16<\/strong> Saarij\u00e4rvi, vapaasrk<\/li>\n<li><strong>su 5.8. kl0 12<\/strong> Karstula, hell.srk<\/li>\n<li><strong>su 22.7. klo 11<\/strong> Evij\u00e4rvi<\/li>\n<li><strong>la 21.7. klo 10<\/strong> Kinnula, toritapahtuma<\/li>\n<li><strong>su 15.7. klo 13 ja 16<\/strong>\u00a0Karstula suurteltta<\/li>\n<li><strong>pe 13.7. klo 19<\/strong> Karstula, suurteltta<\/li>\n<li><strong>ma-ke 9.-11.7.<\/strong> Karstula<\/li>\n<li><strong>su 1.7. klo 12<\/strong> Karstula, hell.srk<\/li>\n<li><strong>to 28.6. klo 18<\/strong> Karstula, vapaasrk<\/li>\n<li><strong>su 24.6. klo 12.00<\/strong> J\u00e4mij\u00e4rvi, Merti\u00f6rannan juhannusjuhlat<\/li>\n<li><strong>pe 22.6. klo 17.45 <\/strong>Keuruu; Iso Kirja-juhannuskonferenssi,\u00a0 Lipunnostojuhlan musiikkivastuussa Gospelrekalla<\/li>\n<li><strong>pe 22.6. klo 10-22<\/strong>\u00a0Keuruu, Iso Kirja,\u00a0 juhannuskonferenssissa HSMRy:n (Helluntaiseurakuntien musiikki Ry) esittelypiste missioteltassa<\/li>\n<li><strong>su 17.6. klo 11<\/strong> Saarij\u00e4rvi, hell.srk<\/li>\n<li><strong>su 10.6. klo 18<\/strong> Karstula, vapaasrk<\/li>\n<li><strong>su 3.6. klo 12<\/strong> Karstula, hell.srk<\/li>\n<li><strong>su 27.5. klo 18<\/strong> Soini<\/li>\n<li><strong>su 20.5. klo 12<\/strong> yks.til.<\/li>\n<li><strong>su 1.4. klo 12<\/strong> Karstula<\/li>\n<li><strong>su 25.3. klo 11\u00a0<\/strong>Lappaj\u00e4rvi<\/li>\n<li><strong>su 11.3. klo 16<\/strong> Tikkakoski<\/li>\n<li><strong>su 4.3. klo 12<\/strong> Karstula<\/li>\n<li><strong>su 25.2. klo 16\u00a0<\/strong>P\u00e4lk\u00e4ne<\/li>\n<li><strong>su 18.2. klo 11\u00a0<\/strong>Vihtavuori<\/li>\n<li><strong>su 4.2. klo 12<\/strong> Karstula, hell.srk<\/li>\n<li><strong>su 21.1. klo 18<\/strong> Karstula, vapaasrk<\/li>\n<\/ul>\n<p><em><strong>VUOSI 2017:\u00a0<\/strong><\/em><\/p>\n<ul>\n<li><strong>su 17.12. klo 15<\/strong> Karstula<\/li>\n<li><strong>su 3.12. klo 12<\/strong> Karstula<\/li>\n<li><strong>su 26.11. klo 16\u00a0<\/strong>\u00c4\u00e4nekoski<\/li>\n<li><strong>pe 10.11.\u00a0klo 19<\/strong> Saarij\u00e4rvi<\/li>\n<li><strong>su 29.10. klo 14<\/strong> Pihtipudas<\/li>\n<li><strong>la 21.10. klo 13.30 ja klo 16 <\/strong>J\u00e4mi Areena<\/li>\n<li><strong>su 15.10.\u00a0klo 16<\/strong> Pietarsaari<\/li>\n<li><strong>su 8.10. klo 17<\/strong> Karstula<\/li>\n<li><strong>pe 29.9. klo 18<\/strong> \u00a0Saarij\u00e4rvi<\/li>\n<li><strong>su 24.9. klo 16<\/strong>\u00a0Lievestuore<\/li>\n<li><strong>su 17.9. klo 11<\/strong> Vehni\u00e4<\/li>\n<li><strong>su 10.9. klo 16<\/strong>\u00a0 JKL, Palokka, Toivonkulma<\/li>\n<li><strong>su 3.9. klo 12<\/strong> \u00a0Karstula<\/li>\n<li><strong>su 27.8. klo 17<\/strong> Lapua<\/li>\n<li><strong>su 13.8. klo 13 <\/strong>Viitasaari<\/li>\n<li><strong>su 6.8. klo 19<\/strong> Kyyj\u00e4rvi<\/li>\n<li><strong>su 30.7. klo 11\u00a0<\/strong>Viitasaari<\/li>\n<li><strong>su 23.7. klo 13 ja 16<\/strong> Karstula, suurteltta<\/li>\n<li><strong>pe 21.7. klo 19 <\/strong>Karstula, suurteltta<\/li>\n<li><strong>to 20.7. klo 17<\/strong> Karstula, yhteiskristill. tapahtuma, suurteltassa &#8221;Toisenlainen maailma&#8221;-konsertti<\/li>\n<li><strong>su 16.7. klo 17<\/strong> Laukaa<\/li>\n<li><strong>ke 12.-pe 14.7. <\/strong>Karstula, lastenleiri<\/li>\n<li><strong>su 9.7. klo 18 <\/strong>Vihtavuori<\/li>\n<li><strong>la 8.7. klo 19<\/strong>\u00a0 Soini<\/li>\n<li><strong>viikko 27<\/strong>:\u00a0<strong>3.7. ma- 7.7. pe\u00a0<\/strong>Radio Dein &#8221;<em>viikon levy<\/em>&#8221;- ohjelmassa joka arkip\u00e4iv\u00e4 klo 10.45 \u00a0ja uusinta klo 14.05.<\/li>\n<li><strong>la 1.7. klo 9-12 <\/strong>Kinnula, toritapahtuma<\/li>\n<li><strong>la 24.6. noin klo 18<\/strong> Keuruun juhannuskonferenssissa, gospelrekalla<\/li>\n<li><strong>to 22.6.-la 24.6.\u00a0 Keuruun juhannuskonferenssissa\u00a0<\/strong>missioteltassa helluntaiseurakuntien musiikki ry:n (HSMry) esittelypisteell\u00e4<\/li>\n<li><strong>su 18.6. klo 18\u00a0<\/strong>Virrat, helluntaitemppeli<\/li>\n<li><strong>la 17.6. klo 10-13<\/strong> Virrat, toritapahtuma<\/li>\n<li><strong>su 11.6. klo 18<\/strong> \u00a0Karstula, Laaksolan koulukeskuksen auditorio, CD:n julkistuskonsertti<\/li>\n<li><strong>su 4.6. klo 16<\/strong> Rovaniemen helluntaiseurakunta<\/li>\n<li><strong>to 1.6. klo 9.15<\/strong> Patmos Radio, \u00a0Aamuvieraana-ohjelmassa<\/li>\n<li><strong>su 28.5. \u00a0klo 14<\/strong> Saarij\u00e4rven vapaaseurakunta<\/li>\n<\/ul>\n<p><img loading=\"lazy\" decoding=\"async\" class=\"aligncenter wp-image-335\" src=\"http:\/\/www.pihlaiset.com\/wp\/wp-content\/uploads\/2017\/05\/k\u00e4yntikortti-nettiin.png\" alt=\"\" width=\"271\" height=\"154\" \/><\/p>\n","protected":false},"excerpt":{"rendered":"<p>Tapahtumia, joissa olemme mukana: VUOSI 2026: su 18.1. klo 12 Karstula su 4.1. klo 12 Karstula VUOSI 2025: su 14.12. klo 16 Viitasaari, Joululaulutapahtuma ma 1.11. klo 12 Karstula su 30.11. klo 16 Karstula, Sanoin &amp; S\u00e4velin su 28.9. klo 11 Karstula, Israel-juhla la 13.9. klo 18 Karstula, Heikintupa su 31.8. klo 16 Karstula su [&hellip;]<\/p>\n","protected":false},"author":1,"featured_media":0,"parent":0,"menu_order":0,"comment_status":"closed","ping_status":"closed","template":"","meta":{"footnotes":""},"class_list":["post-330","page","type-page","status-publish","hentry"],"_links":{"self":[{"href":"https:\/\/www.pihlaiset.com\/index.php?rest_route=\/wp\/v2\/pages\/330","targetHints":{"allow":["GET"]}}],"collection":[{"href":"https:\/\/www.pihlaiset.com\/index.php?rest_route=\/wp\/v2\/pages"}],"about":[{"href":"https:\/\/www.pihlaiset.com\/index.php?rest_route=\/wp\/v2\/types\/page"}],"author":[{"embeddable":true,"href":"https:\/\/www.pihlaiset.com\/index.php?rest_route=\/wp\/v2\/users\/1"}],"replies":[{"embeddable":true,"href":"https:\/\/www.pihlaiset.com\/index.php?rest_route=%2Fwp%2Fv2%2Fcomments&post=330"}],"version-history":[{"count":10,"href":"https:\/\/www.pihlaiset.com\/index.php?rest_route=\/wp\/v2\/pages\/330\/revisions"}],"predecessor-version":[{"id":723,"href":"https:\/\/www.pihlaiset.com\/index.php?rest_route=\/wp\/v2\/pages\/330\/revisions\/723"}],"wp:attachment":[{"href":"https:\/\/www.pihlaiset.com\/index.php?rest_route=%2Fwp%2Fv2%2Fmedia&parent=330"}],"curies":[{"name":"wp","href":"https:\/\/api.w.org\/{rel}","templated":true}]}}