{"id":130,"date":"2012-03-11T21:41:16","date_gmt":"2012-03-11T19:41:16","guid":{"rendered":"http:\/\/www.pihlaiset.com\/?page_id=130"},"modified":"2025-04-13T08:19:29","modified_gmt":"2025-04-13T06:19:29","slug":"tehtavakuvausta","status":"publish","type":"page","link":"https:\/\/www.pihlaiset.com\/?page_id=130","title":{"rendered":"Teht\u00e4v\u00e4kuv."},"content":{"rendered":"<p>Lauluillamme haluamme v\u00e4litt\u00e4\u00e4 evankeliumin ilosanomaa,\u00a0 jonka olemme itsekin saaneet kokea. Haluaisimme, ett\u00e4 kaikki saisivat kokea t\u00e4m\u00e4n ihmeellisen asian! Lauluillamme haluamme my\u00f6s\u00a0lohduttaa murheellisia, antaa toivoa ja my\u00f6s rohkaista kurottautumaan kohti p\u00e4\u00e4m\u00e4\u00e4r\u00e4\u00e4!<\/p>\n<p>Olemme k\u00e4ytett\u00e4viss\u00e4 tilanteissa ja tapahtumissa, mitk\u00e4 edist\u00e4v\u00e4t t\u00e4t\u00e4 asiaa. Vuodesta 1996 alkaen\u00a0 29 vuoden ajan olemme tehneet avioparina yhteisty\u00f6t\u00e4 kierrellen eri seurakuntien j\u00e4rjest\u00e4miss\u00e4 tapahtumissa.<\/p>\n<p>Tapahtumissa Paavo laulaa, Ulla s\u00e4est\u00e4\u00e4 pianolla tai s\u00e4hk\u00f6pianolla. Tarvittaessa Paavo s\u00e4est\u00e4\u00e4 my\u00f6s kitaralla ym.. My\u00f6s perheen lapset ovat musisoineet laulamalla ja soittamalla. Paavo juontaa laulamansa laulut, kertoo laulujen sis\u00e4ll\u00f6ist\u00e4 ja uskostaan sek\u00e4 tarvittaessa pit\u00e4\u00e4 loppupuheen. Mahdollisuus rukouspalveluun on my\u00f6s\u00a0k\u00e4ytett\u00e4viss\u00e4.<\/p>\n<p>Kes\u00e4aikana olemme olleet mukana erilaisissa tori- ja puistotapahtumissa ulkona. Siell\u00e4 laulamme\u00a0uusia lauluja ja laulatamme my\u00f6s vanhoja hengellisi\u00e4 klassikkoja.<\/p>\n<p>Olemme olleet mukana mm. seuraavanlaisissa jutuissa:<\/p>\n<ul>\n<li>kirkkokonsertit<a href=\"http:\/\/www.pihlaiset.com\/wp\/wp-content\/uploads\/2012\/03\/DSC_3661.jpg\"><img loading=\"lazy\" decoding=\"async\" class=\" wp-image-207 alignright\" src=\"http:\/\/www.pihlaiset.com\/wp\/wp-content\/uploads\/2012\/03\/DSC_3661-300x200.jpg\" alt=\"DSC_3661\" width=\"398\" height=\"265\" srcset=\"https:\/\/www.pihlaiset.com\/wp\/wp-content\/uploads\/2012\/03\/DSC_3661-300x200.jpg 300w, https:\/\/www.pihlaiset.com\/wp\/wp-content\/uploads\/2012\/03\/DSC_3661-1024x683.jpg 1024w\" sizes=\"auto, (max-width: 398px) 100vw, 398px\" \/><\/a><\/li>\n<li>joulukonsertit<\/li>\n<li>P\u00e4\u00e4si\u00e4isajan konsertit<\/li>\n<li>musiikkitapahtumat, tilaisuudet<\/li>\n<li>hengellisen musiikin illat<\/li>\n<li>Sanoin &amp; S\u00e4velin-tapahtumat<\/li>\n<li>pienimuotoiset kotitilaisuudet<\/li>\n<li>sairaalahartaudet<\/li>\n<li>Israel-tilaisuudet<\/li>\n<li>lasten tapahtumien ja kes\u00e4leirien musiikkivastuu ja opetustuokiot<\/li>\n<li>puistokonsertit, torikonsertit ja pihakonsertit kes\u00e4ll\u00e4 ulkona<\/li>\n<li>telttatilaisuudet<\/li>\n<li>perhejuhlat, hautajaiset, h\u00e4\u00e4t, syntym\u00e4p\u00e4iv\u00e4t<\/li>\n<li>kes\u00e4n konferensseissa musiikkivastuussa<\/li>\n<li>Elotulet-juhlilla<\/li>\n<li>TV7:n ohjelmissa, radio-ohjelmat<\/li>\n<li>Radio Dei, Patmos radio, J\u00e4rviradio ovat soittaneet Paavon lauluja<\/li>\n<li>CD:t<\/li>\n<\/ul>\n<p>Olemme k\u00e4ytett\u00e4viss\u00e4 palvelemaan n\u00e4iss\u00e4 merkeiss\u00e4! Jos kiinnostuit, niin ota rohkeasti yhteytt\u00e4!\u00a0\u00a0 Keskustellaan ja\u00a0suunnitellaan tilanteisiin sopivat jutut!<\/p>\n<p>Lis\u00e4tietoa Paavolta puh. 040 &#8211; 1974 460<\/p>\n<p><a href=\"http:\/\/www.pihlaiset.com\/wp\/wp-content\/uploads\/2012\/03\/DSC_3682-2.jpg\"><img loading=\"lazy\" decoding=\"async\" class=\"aligncenter wp-image-235\" src=\"http:\/\/www.pihlaiset.com\/wp\/wp-content\/uploads\/2012\/03\/DSC_3682-2-300x300.jpg\" alt=\"DSC_3682 (2)\" width=\"358\" height=\"358\" srcset=\"https:\/\/www.pihlaiset.com\/wp\/wp-content\/uploads\/2012\/03\/DSC_3682-2-300x300.jpg 300w, https:\/\/www.pihlaiset.com\/wp\/wp-content\/uploads\/2012\/03\/DSC_3682-2-150x150.jpg 150w, https:\/\/www.pihlaiset.com\/wp\/wp-content\/uploads\/2012\/03\/DSC_3682-2-1024x1024.jpg 1024w, https:\/\/www.pihlaiset.com\/wp\/wp-content\/uploads\/2012\/03\/DSC_3682-2.jpg 1602w\" sizes=\"auto, (max-width: 358px) 100vw, 358px\" \/><\/a><\/p>\n","protected":false},"excerpt":{"rendered":"<p>Lauluillamme haluamme v\u00e4litt\u00e4\u00e4 evankeliumin ilosanomaa,\u00a0 jonka olemme itsekin saaneet kokea. Haluaisimme, ett\u00e4 kaikki saisivat kokea t\u00e4m\u00e4n ihmeellisen asian! Lauluillamme haluamme my\u00f6s\u00a0lohduttaa murheellisia, antaa toivoa ja my\u00f6s rohkaista kurottautumaan kohti p\u00e4\u00e4m\u00e4\u00e4r\u00e4\u00e4! Olemme k\u00e4ytett\u00e4viss\u00e4 tilanteissa ja tapahtumissa, mitk\u00e4 edist\u00e4v\u00e4t t\u00e4t\u00e4 asiaa. Vuodesta 1996 alkaen\u00a0 29 vuoden ajan olemme tehneet avioparina yhteisty\u00f6t\u00e4 kierrellen eri seurakuntien j\u00e4rjest\u00e4miss\u00e4 tapahtumissa. Tapahtumissa [&hellip;]<\/p>\n","protected":false},"author":1,"featured_media":0,"parent":0,"menu_order":0,"comment_status":"open","ping_status":"open","template":"","meta":{"footnotes":""},"class_list":["post-130","page","type-page","status-publish","hentry"],"_links":{"self":[{"href":"https:\/\/www.pihlaiset.com\/index.php?rest_route=\/wp\/v2\/pages\/130","targetHints":{"allow":["GET"]}}],"collection":[{"href":"https:\/\/www.pihlaiset.com\/index.php?rest_route=\/wp\/v2\/pages"}],"about":[{"href":"https:\/\/www.pihlaiset.com\/index.php?rest_route=\/wp\/v2\/types\/page"}],"author":[{"embeddable":true,"href":"https:\/\/www.pihlaiset.com\/index.php?rest_route=\/wp\/v2\/users\/1"}],"replies":[{"embeddable":true,"href":"https:\/\/www.pihlaiset.com\/index.php?rest_route=%2Fwp%2Fv2%2Fcomments&post=130"}],"version-history":[{"count":10,"href":"https:\/\/www.pihlaiset.com\/index.php?rest_route=\/wp\/v2\/pages\/130\/revisions"}],"predecessor-version":[{"id":706,"href":"https:\/\/www.pihlaiset.com\/index.php?rest_route=\/wp\/v2\/pages\/130\/revisions\/706"}],"wp:attachment":[{"href":"https:\/\/www.pihlaiset.com\/index.php?rest_route=%2Fwp%2Fv2%2Fmedia&parent=130"}],"curies":[{"name":"wp","href":"https:\/\/api.w.org\/{rel}","templated":true}]}}